{"id":356,"date":"2019-12-02T17:47:15","date_gmt":"2019-12-02T17:47:15","guid":{"rendered":"http:\/\/giallointeractive.com\/?page_id=356"},"modified":"2019-12-02T19:45:55","modified_gmt":"2019-12-02T19:45:55","slug":"g-display","status":"publish","type":"page","link":"https:\/\/www.giallointeractive.com\/?page_id=356","title":{"rendered":"G-Display"},"content":{"rendered":"\n<figure class=\"wp-block-image\"><img loading=\"lazy\" width=\"1024\" height=\"464\" src=\"http:\/\/giallointeractive.com\/wp-content\/uploads\/2019\/12\/g-display-layer-1024x464.png\" alt=\"\" class=\"wp-image-357\" srcset=\"https:\/\/www.giallointeractive.com\/wp-content\/uploads\/2019\/12\/g-display-layer-1024x464.png 1024w, https:\/\/www.giallointeractive.com\/wp-content\/uploads\/2019\/12\/g-display-layer-300x136.png 300w, https:\/\/www.giallointeractive.com\/wp-content\/uploads\/2019\/12\/g-display-layer-768x348.png 768w\" sizes=\"(max-width: 1024px) 100vw, 1024px\" \/><\/figure>\n\n\n\n<p align = \"justify\">G-DISPLAY \u00e8 una soluzione di digital signage innovativa in quanto, grazie alla sua flessibilit\u00e0, fa in modo che sia il prodotto ad adattarsi alle diverse esigenze del cliente e non il contrario.<\/p>\n\n\n\n<p align = \"justify\">Utilizzare la soluzione G-DISPLAY \u00e8 come scegliere un abito su misura, si adatta alle dimensioni della tua attivit\u00e0, ai tuoi strumenti di lavoro e al tuo budget, dandoti la possibilit\u00e0 di avere esattamente quello che ti serve.<\/p>\n\n\n\n<p align = \"justify\">Il software G-DISPLAY \u00e8 una soluzione multipiattaforma compatibile con tutti i sistemi operativi: macOS, Linux, Windows, Android e iOS quindi, a differenza di altre soluzioni presenti sul mercato, non \u00e8 legata a un hardware specifico.<\/p>\n\n\n\n<p align = \"justify\">G-DISPLAY grazie all\u2019ottimizzazione del software riesce a fornire un\u2019esperienza visiva completa anche su device con caratteristiche hardware di basso livello come i single-board computers.<\/p>\n\n\n\n<p align = \"justify\">Un\u2019altra caratteristica importante di G-DISPLAY \u00e8 la gestione della cache, che permette al sistema di continuare a funzionare anche in caso di temporanea assenza di connessione senza la necessit\u00e0 per l\u2019attivit\u00e0 commerciale di avere un server locale, con i relativi costi.<\/p>\n\n\n\n<p align = \"justify\">Adottando G-DISPLAY il cliente avr\u00e0 la possibilit\u00e0 di gestire, tramite un\u2019interfaccia web, i propri contenuti in autonomia o potr\u00e0 delegare a Giallo Interactive la gestione del digital signage.<\/p>\n\n\n\n<p align = \"justify\">Oltre a fornire una soluzione software completa Giallo Interactive, su richiesta del cliente, pu\u00f2 anche fornire un hardware specifico plug and play ottimizzato per G-DISPLAY che si chiama G-BOX .<\/p>\n\n\n\n<p align = \"justify\">G-DISPLAY all\u2019occorrenza pu\u00f2 anche interagire con dei dispositivi esterni come: lettori RFID, lettori di codice a barre e telecamere, aggiungendo cos\u00ec alla funzionalit\u00e0 di digital signage quella di elimina code e di raccolta di metriche importanti per la gestione degli spazi pubblicitari.<\/p>\n","protected":false},"excerpt":{"rendered":"<p>G-DISPLAY \u00e8 una soluzione di digital signage innovativa in quanto, grazie alla sua flessibilit\u00e0, fa in modo che sia il prodotto ad adattarsi alle diverse esigenze del cliente e non il contrario. Utilizzare la soluzione G-DISPLAY \u00e8 come scegliere un abito su misura, si adatta alle dimensioni della tua attivit\u00e0, ai tuoi strumenti di lavoro [&hellip;]<\/p>\n","protected":false},"author":1,"featured_media":0,"parent":0,"menu_order":0,"comment_status":"closed","ping_status":"closed","template":"","meta":[],"_links":{"self":[{"href":"https:\/\/www.giallointeractive.com\/index.php?rest_route=\/wp\/v2\/pages\/356"}],"collection":[{"href":"https:\/\/www.giallointeractive.com\/index.php?rest_route=\/wp\/v2\/pages"}],"about":[{"href":"https:\/\/www.giallointeractive.com\/index.php?rest_route=\/wp\/v2\/types\/page"}],"author":[{"embeddable":true,"href":"https:\/\/www.giallointeractive.com\/index.php?rest_route=\/wp\/v2\/users\/1"}],"replies":[{"embeddable":true,"href":"https:\/\/www.giallointeractive.com\/index.php?rest_route=%2Fwp%2Fv2%2Fcomments&post=356"}],"version-history":[{"count":2,"href":"https:\/\/www.giallointeractive.com\/index.php?rest_route=\/wp\/v2\/pages\/356\/revisions"}],"predecessor-version":[{"id":435,"href":"https:\/\/www.giallointeractive.com\/index.php?rest_route=\/wp\/v2\/pages\/356\/revisions\/435"}],"wp:attachment":[{"href":"https:\/\/www.giallointeractive.com\/index.php?rest_route=%2Fwp%2Fv2%2Fmedia&parent=356"}],"curies":[{"name":"wp","href":"https:\/\/api.w.org\/{rel}","templated":true}]}}